{"id":9,"date":"2011-02-17T08:54:03","date_gmt":"2011-02-17T08:54:03","guid":{"rendered":"http:\/\/fjallgarden.org\/?page_id=9"},"modified":"2022-09-23T10:54:47","modified_gmt":"2022-09-23T10:54:47","slug":"kontakt","status":"publish","type":"page","link":"https:\/\/fjallgarden.org\/?page_id=9","title":{"rendered":"Boka"},"content":{"rendered":"<p><a href=\"http:\/\/fjallgarden.org\/?attachment_id=69\" rel=\"attachment wp-att-69\"><img decoding=\"async\" loading=\"lazy\" class=\"alignright size-medium wp-image-69\" title=\"Bild 18\" src=\"http:\/\/fjallgarden.org\/wp-content\/uploads\/2011\/02\/Bild-18-300x216.png\" alt=\"\" width=\"300\" height=\"216\" srcset=\"https:\/\/fjallgarden.org\/wp-content\/uploads\/2011\/02\/Bild-18-300x216.png 300w, https:\/\/fjallgarden.org\/wp-content\/uploads\/2011\/02\/Bild-18-950x686.png 950w, https:\/\/fjallgarden.org\/wp-content\/uploads\/2011\/02\/Bild-18.png 973w\" sizes=\"(max-width: 300px) 100vw, 300px\" \/><\/a>St\u00f6rsta efterfr\u00e5gan p\u00e5 att f\u00e5 hyra Fj\u00e4llg\u00e5rden \u00e4r under vintern, framf\u00f6r allt i sport- och p\u00e5sklovstider. Men alla \u00e5rstider \u00e4r fantastiska i fj\u00e4llen, s\u00e5 varf\u00f6r inte v\u00e4lja en vecka under barmarksperioden \u2013 sommaren med sina l\u00e5nga ljusa n\u00e4tter och h\u00f6sten med sin fantastiska f\u00e4rgprakt.<br \/>\n<span style=\"color: #ffffff;\">.<\/span><br \/>\nF\u00f6r information och bokning, kontakta:<br \/>\nBirgitta Wesslund<br \/>\ntel: 070-350 22 39<br \/>\nepost:\u00a0<a href=\"mailto:bokning@fjallgarden.org\">bokning (at) fjallgarden.org<\/a><\/p>\n","protected":false},"excerpt":{"rendered":"<p>St\u00f6rsta efterfr\u00e5gan p\u00e5 att f\u00e5 hyra Fj\u00e4llg\u00e5rden \u00e4r under vintern, framf\u00f6r allt i sport- och p\u00e5sklovstider. Men alla \u00e5rstider \u00e4r fantastiska i fj\u00e4llen, s\u00e5 varf\u00f6r inte v\u00e4lja en vecka under barmarksperioden \u2013 sommaren med sina l\u00e5nga ljusa n\u00e4tter och h\u00f6sten &hellip; <a href=\"https:\/\/fjallgarden.org\/?page_id=9\">L\u00e4s mer <span class=\"meta-nav\">&rarr;<\/span><\/a><\/p>\n","protected":false},"author":1,"featured_media":0,"parent":0,"menu_order":0,"comment_status":"closed","ping_status":"closed","template":"","meta":[],"_links":{"self":[{"href":"https:\/\/fjallgarden.org\/index.php?rest_route=\/wp\/v2\/pages\/9"}],"collection":[{"href":"https:\/\/fjallgarden.org\/index.php?rest_route=\/wp\/v2\/pages"}],"about":[{"href":"https:\/\/fjallgarden.org\/index.php?rest_route=\/wp\/v2\/types\/page"}],"author":[{"embeddable":true,"href":"https:\/\/fjallgarden.org\/index.php?rest_route=\/wp\/v2\/users\/1"}],"replies":[{"embeddable":true,"href":"https:\/\/fjallgarden.org\/index.php?rest_route=%2Fwp%2Fv2%2Fcomments&post=9"}],"version-history":[{"count":22,"href":"https:\/\/fjallgarden.org\/index.php?rest_route=\/wp\/v2\/pages\/9\/revisions"}],"predecessor-version":[{"id":340,"href":"https:\/\/fjallgarden.org\/index.php?rest_route=\/wp\/v2\/pages\/9\/revisions\/340"}],"wp:attachment":[{"href":"https:\/\/fjallgarden.org\/index.php?rest_route=%2Fwp%2Fv2%2Fmedia&parent=9"}],"curies":[{"name":"wp","href":"https:\/\/api.w.org\/{rel}","templated":true}]}}