{"id":87,"date":"2011-03-18T08:05:52","date_gmt":"2011-03-18T08:05:52","guid":{"rendered":"http:\/\/fjallgarden.org\/?page_id=87"},"modified":"2024-12-22T18:14:59","modified_gmt":"2024-12-22T18:14:59","slug":"startsida","status":"publish","type":"page","link":"https:\/\/fjallgarden.org\/","title":{"rendered":"Fj\u00e4llg\u00e5rden &#8211; sommar som vinter!"},"content":{"rendered":"<p style=\"text-align: left;\"><span style=\"line-height: 19px; font-size: 13px;\"><a href=\"http:\/\/fjallgarden.org\/?attachment_id=318\" rel=\"attachment wp-att-318\"><img decoding=\"async\" loading=\"lazy\" class=\"alignright size-medium wp-image-318\" title=\"P1050586\" src=\"http:\/\/fjallgarden.org\/wp-content\/uploads\/2011\/03\/P1050586-300x202.jpg\" alt=\"\" width=\"300\" height=\"202\" srcset=\"https:\/\/fjallgarden.org\/wp-content\/uploads\/2011\/03\/P1050586-300x202.jpg 300w, https:\/\/fjallgarden.org\/wp-content\/uploads\/2011\/03\/P1050586.jpg 640w\" sizes=\"(max-width: 300px) 100vw, 300px\" \/><\/a><\/span><strong>Mitt inne bland Oviksfj\u00e4llen, det v\u00e4nliga fj\u00e4llomr\u00e5det precis v\u00e4ster om Storsj\u00f6n,\u00a0ligger H\u00f6glekardalen och Bydalen. Denna genuina fj\u00e4llbygd \u00e4r ett traditionsrikt\u00a0resm\u00e5l sedan mer \u00e4n hundra \u00e5r, sommar som vinter.<\/strong><\/p>\n<p style=\"text-align: left;\">H\u00e4r finns ocks\u00e5 en l\u00e4gerg\u00e5rd som utg\u00f6r den perfekta utg\u00e5ngspunkten f\u00f6r alla\u00a0t\u00e4nkbara fj\u00e4llaktiviteter \u2013 fr\u00e5n skid\u00e5kning till kanotpaddling, fr\u00e5n fj\u00e4llvandring\u00a0till kurser och konferenser i avstressande milj\u00f6.<\/p>\n<p style=\"text-align: left;\">V\u00e4lkommen att boka en helg, en vecka, eller vilken tid som nu passar dig\/er. Framf\u00f6r allt v\u00e4nder vi oss till kyrkor och f\u00f6rsamlingar \u2013 eller andra grupper med liknande v\u00e4rdegrund.<\/p>\n<h4><span style=\"color: #008080;\"><em>Rapport fr\u00e5n Fj\u00e4llg\u00e5rdens styrelse, december 2024:<\/em><\/span><\/h4>\n<h4 style=\"text-align: left;\"><\/h4>\n<h3 style=\"text-align: left;\">Fj\u00e4llg\u00e5rden ansluten till kommunens va-n\u00e4t!<\/h3>\n<h4><span style=\"color: #008080;\"><em><img decoding=\"async\" loading=\"lazy\" class=\"alignright size-medium wp-image-359\" src=\"http:\/\/fjallgarden.org\/wp-content\/uploads\/2024\/12\/Skarmavbild-2024-12-22-kl.-18.46.23-218x300.png\" alt=\"\" width=\"218\" height=\"300\" srcset=\"https:\/\/fjallgarden.org\/wp-content\/uploads\/2024\/12\/Skarmavbild-2024-12-22-kl.-18.46.23-218x300.png 218w, https:\/\/fjallgarden.org\/wp-content\/uploads\/2024\/12\/Skarmavbild-2024-12-22-kl.-18.46.23.png 660w\" sizes=\"(max-width: 218px) 100vw, 218px\" \/><\/em><\/span><\/h4>\n<p>\u00c4ntligen har \u00c5re kommun n\u00e5tt v\u00e5rt omr\u00e5de med utbyggnaden av vatten och avlopp!<br \/>\nUnder h\u00f6sten 2024 har Fj\u00e4llg\u00e5rden d\u00e4rf\u00f6r genomg\u00e5tt en omfattande uppgradering. Det gamla systemet med vacuumtoaletter och uppsamlingstank \u00e4r historia efter att ha tj\u00e4nat oss v\u00e4l i mer \u00e4n ett halvsekel, och vattnet i v\u00e5ra kranar levereras nu fr\u00e5n den kommunala vattent\u00e4kten. V\u00e5rt eget borrh\u00e5l med dess j\u00e4rnhaltiga vatten, som slitit p\u00e5 ledningssystemet, beh\u00f6vs inte l\u00e4ngre.<\/p>\n<p>F\u00f6r att genomf\u00f6ra anslutningen har det kr\u00e4vts ombyggnader av toaletterna, med nya r\u00f6r och vattenledningar, total &#8221;make-over&#8221; av duscharna, etc. Utomhus har det gr\u00e4vts fram till kommunens anslutningspunkt och f\u00f6rberetts f\u00f6r fiberanslutning. V\u00e5r entrepren\u00f6r har \u00e4ven \u00e5tg\u00e4rdat n\u00e5gra andra brister som uppdagades under arbetets g\u00e5ng.<\/p>\n<p>Eftersom vi l\u00e4nge varit beredda p\u00e5 att beh\u00f6va bekosta en va-anslutning med b\u00e5de en kostsam anslutningsavgift och \u00e5tf\u00f6ljande ombyggnationer har vi under flera \u00e5r &#8221;samlat i ladorna&#8221; av verksamhetens \u00f6verskott. Men det r\u00e4ckte inte hela v\u00e4gen. Vi har \u00e4ven beh\u00f6vt ta ett l\u00e5n, som nu ska betalas av. D\u00e4rf\u00f6r \u00e5terupplivar vi en gammal fin kampanj fr\u00e5n 1970-talet, n\u00e4r det s\u00e5ldes &#8221;Fj\u00e4llg\u00e5rdstior&#8221; och sedan \u00e4ven &#8221;Fj\u00e4llg\u00e5rdsfemtiolappar&#8221;. Med tanke p\u00e5 inflationen (och teknikutvecklingen) lanserar vi nu &#8221;Fj\u00e4llg\u00e5rdstv\u00e5hundringen&#8221;, som du enkelt kan &#8221;k\u00f6pa&#8221; via Swish p\u00e5 din mobil och QR-koden h\u00e4r ovan. Det g\u00e5r f\u00f6rst\u00e5s att skicka valfritt belopp. Swish-numret om du skriver det direkt i appen: 123 632 59 22.<br \/>\n<em>Tack f\u00f6r ditt bidrag och v\u00e4lkommen att boka in dig med din grupp p\u00e5 Fj\u00e4llg\u00e5rden!<\/em><\/p>\n<h5>Styrelsen f\u00f6r F\u00f6reningen Fj\u00e4llg\u00e5rden i H\u00f6glekardalen<\/h5>\n","protected":false},"excerpt":{"rendered":"<p>Mitt inne bland Oviksfj\u00e4llen, det v\u00e4nliga fj\u00e4llomr\u00e5det precis v\u00e4ster om Storsj\u00f6n,\u00a0ligger H\u00f6glekardalen och Bydalen. Denna genuina fj\u00e4llbygd \u00e4r ett traditionsrikt\u00a0resm\u00e5l sedan mer \u00e4n hundra \u00e5r, sommar som vinter. H\u00e4r finns ocks\u00e5 en l\u00e4gerg\u00e5rd som utg\u00f6r den perfekta utg\u00e5ngspunkten f\u00f6r alla\u00a0t\u00e4nkbara &hellip; <a href=\"https:\/\/fjallgarden.org\/\">L\u00e4s mer <span class=\"meta-nav\">&rarr;<\/span><\/a><\/p>\n","protected":false},"author":1,"featured_media":0,"parent":0,"menu_order":0,"comment_status":"closed","ping_status":"closed","template":"","meta":[],"_links":{"self":[{"href":"https:\/\/fjallgarden.org\/index.php?rest_route=\/wp\/v2\/pages\/87"}],"collection":[{"href":"https:\/\/fjallgarden.org\/index.php?rest_route=\/wp\/v2\/pages"}],"about":[{"href":"https:\/\/fjallgarden.org\/index.php?rest_route=\/wp\/v2\/types\/page"}],"author":[{"embeddable":true,"href":"https:\/\/fjallgarden.org\/index.php?rest_route=\/wp\/v2\/users\/1"}],"replies":[{"embeddable":true,"href":"https:\/\/fjallgarden.org\/index.php?rest_route=%2Fwp%2Fv2%2Fcomments&post=87"}],"version-history":[{"count":40,"href":"https:\/\/fjallgarden.org\/index.php?rest_route=\/wp\/v2\/pages\/87\/revisions"}],"predecessor-version":[{"id":371,"href":"https:\/\/fjallgarden.org\/index.php?rest_route=\/wp\/v2\/pages\/87\/revisions\/371"}],"wp:attachment":[{"href":"https:\/\/fjallgarden.org\/index.php?rest_route=%2Fwp%2Fv2%2Fmedia&parent=87"}],"curies":[{"name":"wp","href":"https:\/\/api.w.org\/{rel}","templated":true}]}}