{"id":7,"date":"2011-02-17T08:53:44","date_gmt":"2011-02-17T08:53:44","guid":{"rendered":"http:\/\/fjallgarden.org\/?page_id=7"},"modified":"2024-12-22T11:20:34","modified_gmt":"2024-12-22T11:20:34","slug":"om","status":"publish","type":"page","link":"https:\/\/fjallgarden.org\/?page_id=7","title":{"rendered":"Om Fj\u00e4llg\u00e5rden"},"content":{"rendered":"<div>Fj\u00e4llg\u00e5rden i H\u00f6glekardalen \u00e4r perfekt f\u00f6r b\u00e5de l\u00e4ger och kurser. H\u00e4r finns 30 b\u00e4ddar, k\u00f6k med matsal, stor samlingssal, samt \u2013 inte minst \u2013 den storslagna fj\u00e4llnaturen alldeles inp\u00e5 knuten. L\u00e4get \u00e4r natursk\u00f6nt, mitt emellan tr\u00e4dgr\u00e4nsen och den fiskrika Stor\u00e5n.<\/div>\n<div>Barmarkstid k\u00f6r man med bil \u00e4nda fram till farstutrappen. P\u00e5 vintern f\u00e5r man g\u00e5 backen upp fr\u00e5n parkeringen, ca 75 meter.<\/div>\n<div>Fj\u00e4llg\u00e5rdens 30 b\u00e4ddar \u00e4r f\u00f6rdelade p\u00e5 sju rum, med tv\u00e5 till \u00e5tta b\u00e4ddar i varje, i form av v\u00e5ningss\u00e4ngar (se skiss nedan). Husets &#8221;hj\u00e4rta&#8221; \u00e4r samlingssalen. Den l\u00e4mpar sig lika bra f\u00f6r kurser och diskussioner som f\u00f6r andakt och gudstj\u00e4nst. H\u00e4r ryms hela l\u00e4gret och fler d\u00e4rtill!<\/div>\n<div><span style=\"color: #ffffff;\">.<\/span><\/div>\n<div>Fj\u00e4llg\u00e5rden byggdes 1970, som l\u00e4gerg\u00e5rd inom d\u00e5varande Svenska Missionsf\u00f6rbundet. Tjugo \u00e5r senare byggdes den ut, med samlingssal, pingisrum och fler sovplatser. Den totala ytan blev d\u00e5 ca 260 kvadratmeter, f\u00f6rdelade p\u00e5 souterr\u00e4ng och markplan. G\u00e5rden \u00e4gs numera lokalt, av Equmeniakyrkans f\u00f6rsamlingar i Brunflo, Svenstavik och \u00d6stersund.Fj\u00e4llg\u00e5rden sk\u00f6ts helt p\u00e5 ideell grund, med syftet att erbjuda inte minst ungdomar givande gemenskap i en stimulerande milj\u00f6. Ekonomiskt \u00f6verskott anv\u00e4nds till underh\u00e5ll och investeringar i fastigheten, samt till ungdomsverksamheten inom \u00e4garf\u00f6rsamlingarna. H\u00f6sten 2024 genomf\u00f6rdes en stor och l\u00e4nge efterl\u00e4ngtad uppgradering, d\u00e5 Fj\u00e4llg\u00e5rden ansl\u00f6ts till \u00c5re kommuns nya va-n\u00e4t. D\u00e4rmed kunde de halvsekelgamla vacuumtoaletterna och den \u00e5terkommande tankt\u00f6mningen skrotas, och ur kranarna kommer nu vatten fr\u00e5n kommunens vattent\u00e4kt. En rej\u00e4l kvalitetsh\u00f6jning f\u00f6r Fj\u00e4llg\u00e5rdens g\u00e4ster!<\/p>\n<\/div>\n<div><span style=\"color: #ffffff;\">.<\/span><\/div>\n<div><a href=\"http:\/\/fjallgarden.org\/?attachment_id=211\" rel=\"attachment wp-att-211\"><img decoding=\"async\" loading=\"lazy\" class=\"aligncenter size-full wp-image-211\" title=\"v\u00e5ning 1\" src=\"http:\/\/fjallgarden.org\/wp-content\/uploads\/2011\/02\/v\u00e5ning-13-e1301044738449.jpg\" alt=\"\" width=\"660\" height=\"275\" \/><\/a><\/div>\n<div><a href=\"http:\/\/fjallgarden.org\/?attachment_id=212\" rel=\"attachment wp-att-212\"><img decoding=\"async\" loading=\"lazy\" class=\"aligncenter size-full wp-image-212\" title=\"Namnl\u00f6st-2\" src=\"http:\/\/fjallgarden.org\/wp-content\/uploads\/2011\/02\/Namnl\u00f6st-22-e1301044808237.jpg\" alt=\"\" width=\"660\" height=\"224\" \/><\/a><\/div>\n<h3><span style=\"font-size: small;\"><span style=\"font-size: 13px; line-height: 19px;\"><span style=\"font-size: large;\"><span style=\"font-size: 18px; line-height: 27px;\"><strong>\u00a0<\/strong><\/span><\/span><\/span><\/span><\/h3>\n","protected":false},"excerpt":{"rendered":"<p>Fj\u00e4llg\u00e5rden i H\u00f6glekardalen \u00e4r perfekt f\u00f6r b\u00e5de l\u00e4ger och kurser. H\u00e4r finns 30 b\u00e4ddar, k\u00f6k med matsal, stor samlingssal, samt \u2013 inte minst \u2013 den storslagna fj\u00e4llnaturen alldeles inp\u00e5 knuten. L\u00e4get \u00e4r natursk\u00f6nt, mitt emellan tr\u00e4dgr\u00e4nsen och den fiskrika Stor\u00e5n. &hellip; <a href=\"https:\/\/fjallgarden.org\/?page_id=7\">L\u00e4s mer <span class=\"meta-nav\">&rarr;<\/span><\/a><\/p>\n","protected":false},"author":1,"featured_media":0,"parent":0,"menu_order":0,"comment_status":"closed","ping_status":"closed","template":"","meta":[],"_links":{"self":[{"href":"https:\/\/fjallgarden.org\/index.php?rest_route=\/wp\/v2\/pages\/7"}],"collection":[{"href":"https:\/\/fjallgarden.org\/index.php?rest_route=\/wp\/v2\/pages"}],"about":[{"href":"https:\/\/fjallgarden.org\/index.php?rest_route=\/wp\/v2\/types\/page"}],"author":[{"embeddable":true,"href":"https:\/\/fjallgarden.org\/index.php?rest_route=\/wp\/v2\/users\/1"}],"replies":[{"embeddable":true,"href":"https:\/\/fjallgarden.org\/index.php?rest_route=%2Fwp%2Fv2%2Fcomments&post=7"}],"version-history":[{"count":59,"href":"https:\/\/fjallgarden.org\/index.php?rest_route=\/wp\/v2\/pages\/7\/revisions"}],"predecessor-version":[{"id":357,"href":"https:\/\/fjallgarden.org\/index.php?rest_route=\/wp\/v2\/pages\/7\/revisions\/357"}],"wp:attachment":[{"href":"https:\/\/fjallgarden.org\/index.php?rest_route=%2Fwp%2Fv2%2Fmedia&parent=7"}],"curies":[{"name":"wp","href":"https:\/\/api.w.org\/{rel}","templated":true}]}}