{"id":267,"date":"2011-08-16T11:08:46","date_gmt":"2011-08-16T11:08:46","guid":{"rendered":"http:\/\/fjallgarden.org\/?page_id=267"},"modified":"2011-09-20T20:03:13","modified_gmt":"2011-09-20T20:03:13","slug":"lankar","status":"publish","type":"page","link":"https:\/\/fjallgarden.org\/?page_id=267","title":{"rendered":"L\u00e4nkar"},"content":{"rendered":"<p>Det mesta som \u00e4r v\u00e4rt att veta om Bydalsfj\u00e4llen med omgivningar finner du i dessa l\u00e4nkar:<\/p>\n<p><a href=\"http:\/\/www.bydalsfjallen.se\" target=\"_blank\">http:\/\/www.bydalsfjallen.se<\/a><\/p>\n<p><a href=\"http:\/\/www.hallenbygden.se\/\" target=\"_blank\">http:\/\/www.hallenbygden.se<\/a><\/p>\n<p>&nbsp;<\/p>\n<p>&nbsp;<\/p>\n","protected":false},"excerpt":{"rendered":"<p>Det mesta som \u00e4r v\u00e4rt att veta om Bydalsfj\u00e4llen med omgivningar finner du i dessa l\u00e4nkar: http:\/\/www.bydalsfjallen.se http:\/\/www.hallenbygden.se &nbsp; &nbsp;<\/p>\n","protected":false},"author":1,"featured_media":0,"parent":0,"menu_order":0,"comment_status":"closed","ping_status":"closed","template":"","meta":[],"_links":{"self":[{"href":"https:\/\/fjallgarden.org\/index.php?rest_route=\/wp\/v2\/pages\/267"}],"collection":[{"href":"https:\/\/fjallgarden.org\/index.php?rest_route=\/wp\/v2\/pages"}],"about":[{"href":"https:\/\/fjallgarden.org\/index.php?rest_route=\/wp\/v2\/types\/page"}],"author":[{"embeddable":true,"href":"https:\/\/fjallgarden.org\/index.php?rest_route=\/wp\/v2\/users\/1"}],"replies":[{"embeddable":true,"href":"https:\/\/fjallgarden.org\/index.php?rest_route=%2Fwp%2Fv2%2Fcomments&post=267"}],"version-history":[{"count":4,"href":"https:\/\/fjallgarden.org\/index.php?rest_route=\/wp\/v2\/pages\/267\/revisions"}],"predecessor-version":[{"id":337,"href":"https:\/\/fjallgarden.org\/index.php?rest_route=\/wp\/v2\/pages\/267\/revisions\/337"}],"wp:attachment":[{"href":"https:\/\/fjallgarden.org\/index.php?rest_route=%2Fwp%2Fv2%2Fmedia&parent=267"}],"curies":[{"name":"wp","href":"https:\/\/api.w.org\/{rel}","templated":true}]}}