{"id":219,"date":"2011-03-25T09:37:59","date_gmt":"2011-03-25T09:37:59","guid":{"rendered":"http:\/\/fjallgarden.org\/?page_id=219"},"modified":"2011-09-20T20:02:29","modified_gmt":"2011-09-20T20:02:29","slug":"aktiviteter","status":"publish","type":"page","link":"https:\/\/fjallgarden.org\/?page_id=219","title":{"rendered":"Aktiviteter"},"content":{"rendered":"<h4><em>P\u00e5 sn\u00f6&#8230;<\/em><\/h4>\n<div style=\"padding-left: 30px;\">\n<p>Fj\u00e4llg\u00e5rden ligger bara n\u00e5gra hundra meter fr\u00e5n ett omfattande liftystem med mer \u00e4n 60 nerfarter. H\u00e4r finns backar i alla sv\u00e5righetsgrader f\u00f6r olika sorters utf\u00f6rs\u00e5kning, \u201dsvarta\u201d pister lika v\u00e4l som skidskola f\u00f6r nyb\u00f6rjarna. F\u00f6r l\u00e4ngd\u00e5kare finns preparerade sp\u00e5r och vidstr\u00e4ckta fj\u00e4llvider med r\u00f6sade leder. Skids\u00e4songen b\u00f6rjar ofta redan i november och varar som regel till slutet av april.<\/p>\n<\/div>\n<div><span style=\"color: #ffffff;\">.<\/span><\/div>\n<h4><em>P\u00e5 barmark&#8230;<a rel=\"attachment wp-att-276\" href=\"http:\/\/fjallgarden.org\/?attachment_id=276\"><img decoding=\"async\" loading=\"lazy\" class=\"alignright size-medium wp-image-276\" title=\"hjortron\" src=\"http:\/\/fjallgarden.org\/wp-content\/uploads\/2011\/03\/hjortron-214x300.jpg\" alt=\"\" width=\"214\" height=\"300\" srcset=\"https:\/\/fjallgarden.org\/wp-content\/uploads\/2011\/03\/hjortron-214x300.jpg 214w, https:\/\/fjallgarden.org\/wp-content\/uploads\/2011\/03\/hjortron.jpg 300w\" sizes=\"(max-width: 214px) 100vw, 214px\" \/><\/a><\/em><\/h4>\n<div style=\"padding-left: 30px;\">Sommar och h\u00f6st inbjuder fj\u00e4llen till dagsvandringar och flerdagsturer, p\u00e5 stigar och r\u00f6sade leder. Naturen \u00e4r omv\u00e4xlande, med allt fr\u00e5n m\u00e4ktiga vattenfall i lummig gr\u00f6nska till milsvida utsikter fr\u00e5n vindpinade toppar. Goda b\u00e4r\u00e5r lockar myrarnas guld inom vandringsavst\u00e5nd. Den som varit i fj\u00e4llen p\u00e5 h\u00f6sten vet att vackrare \u00e5rstid finns inte.<\/div>\n<div><span style=\"color: #ffffff;\">.<\/span><\/div>\n<h4><em>Med fiskesp\u00f6&#8230;<\/em><\/h4>\n<div style=\"padding-left: 30px;\">Fiskare har ett eldorado i H\u00f6glekardalen med omnejd. Damm\u00e5n \u00e4r riksbekant f\u00f6r sin stor\u00f6ring men bjuder \u00e4ven p\u00e5 harr. I fj\u00e4llens sj\u00f6ar och tj\u00e4rnar finns b\u00e5de r\u00f6ding och \u00f6ring. Fisktrappan i \u00c5hn \u00e4r en attraktion i sig \u2013 d\u00e4r r\u00e4knas och m\u00e4ts alla \u00f6ringar som vandrar upp i Damm\u00e5n f\u00f6r att leka.<\/div>\n<div><em><br \/>\n<\/em><\/div>\n<div>\n<h4><em>Med mera&#8230;<\/em><\/h4>\n<\/div>\n<div style=\"padding-left: 30px;\">Paddla kanot med dina v\u00e4nner, ordna retreat f\u00f6r f\u00f6rsamlingen eller bara njuta av den friska fj\u00e4lluften \u2013 m\u00f6jligheterna \u00e4r m\u00e5nga p\u00e5 Fj\u00e4llg\u00e5rden i H\u00f6glekardalen.<\/div>\n<div>\n<div>\n<p><span style=\"font-style: normal;\"> <\/span><\/p>\n<p>&nbsp;<\/p>\n<\/div>\n<p><em><br \/>\n<\/em><\/p>\n<\/div>\n","protected":false},"excerpt":{"rendered":"<p>P\u00e5 sn\u00f6&#8230; Fj\u00e4llg\u00e5rden ligger bara n\u00e5gra hundra meter fr\u00e5n ett omfattande liftystem med mer \u00e4n 60 nerfarter. H\u00e4r finns backar i alla sv\u00e5righetsgrader f\u00f6r olika sorters utf\u00f6rs\u00e5kning, \u201dsvarta\u201d pister lika v\u00e4l som skidskola f\u00f6r nyb\u00f6rjarna. F\u00f6r l\u00e4ngd\u00e5kare finns preparerade sp\u00e5r &hellip; <a href=\"https:\/\/fjallgarden.org\/?page_id=219\">L\u00e4s mer <span class=\"meta-nav\">&rarr;<\/span><\/a><\/p>\n","protected":false},"author":1,"featured_media":0,"parent":0,"menu_order":0,"comment_status":"closed","ping_status":"closed","template":"","meta":[],"_links":{"self":[{"href":"https:\/\/fjallgarden.org\/index.php?rest_route=\/wp\/v2\/pages\/219"}],"collection":[{"href":"https:\/\/fjallgarden.org\/index.php?rest_route=\/wp\/v2\/pages"}],"about":[{"href":"https:\/\/fjallgarden.org\/index.php?rest_route=\/wp\/v2\/types\/page"}],"author":[{"embeddable":true,"href":"https:\/\/fjallgarden.org\/index.php?rest_route=\/wp\/v2\/users\/1"}],"replies":[{"embeddable":true,"href":"https:\/\/fjallgarden.org\/index.php?rest_route=%2Fwp%2Fv2%2Fcomments&post=219"}],"version-history":[{"count":40,"href":"https:\/\/fjallgarden.org\/index.php?rest_route=\/wp\/v2\/pages\/219\/revisions"}],"predecessor-version":[{"id":229,"href":"https:\/\/fjallgarden.org\/index.php?rest_route=\/wp\/v2\/pages\/219\/revisions\/229"}],"wp:attachment":[{"href":"https:\/\/fjallgarden.org\/index.php?rest_route=%2Fwp%2Fv2%2Fmedia&parent=219"}],"curies":[{"name":"wp","href":"https:\/\/api.w.org\/{rel}","templated":true}]}}